{"id":37208,"date":"2023-05-15T04:09:21","date_gmt":"2023-05-15T04:09:21","guid":{"rendered":"https:\/\/qnetafrica2stg.wpenginepowered.com\/all-products\/"},"modified":"2026-03-13T06:54:07","modified_gmt":"2026-03-13T06:54:07","slug":"produits-qnet","status":"publish","type":"page","link":"https:\/\/africa.qnet.net\/fr\/produits-qnet\/","title":{"rendered":"Produits QNET"},"content":{"rendered":"\t\t<div data-elementor-type=\"wp-page\" data-elementor-id=\"37208\" class=\"elementor elementor-37208 elementor-35028\" data-elementor-post-type=\"page\">\n\t\t\t\t<div class=\"elementor-element elementor-element-1bdb0145 e-flex e-con-boxed e-con e-parent\" data-id=\"1bdb0145\" data-element_type=\"container\" data-e-type=\"container\">\n\t\t\t\t\t<div class=\"e-con-inner\">\n\t\t\t\t<div class=\"elementor-element elementor-element-6d75a16c elementor-widget elementor-widget-heading\" data-id=\"6d75a16c\" data-element_type=\"widget\" data-e-type=\"widget\" data-widget_type=\"heading.default\">\n\t\t\t\t<div class=\"elementor-widget-container\">\n\t\t\t\t\t<h2 class=\"elementor-heading-title elementor-size-default\">PRODUITS QNET<\/h2>\t\t\t\t<\/div>\n\t\t\t\t<\/div>\n\t\t\t\t<div class=\"elementor-element elementor-element-10529a60 elementor-widget elementor-widget-heading\" data-id=\"10529a60\" data-element_type=\"widget\" data-e-type=\"widget\" data-widget_type=\"heading.default\">\n\t\t\t\t<div class=\"elementor-widget-container\">\n\t\t\t\t\t<h2 class=\"elementor-heading-title elementor-size-default\">D\u00e9couvrir<\/h2>\t\t\t\t<\/div>\n\t\t\t\t<\/div>\n\t\t\t\t<div class=\"elementor-element elementor-element-44a9239d elementor-widget elementor-widget-text-editor\" data-id=\"44a9239d\" data-element_type=\"widget\" data-e-type=\"widget\" data-widget_type=\"text-editor.default\">\n\t\t\t\t<div class=\"elementor-widget-container\">\n\t\t\t\t\t\t\t\t\t<p>Des produits adapt\u00e9s \u00e0 votre style de vie<\/p>\t\t\t\t\t\t\t\t<\/div>\n\t\t\t\t<\/div>\n\t\t<div class=\"elementor-element elementor-element-2beb9028 e-con-full e-flex e-con e-child\" data-id=\"2beb9028\" data-element_type=\"container\" data-e-type=\"container\">\n\t\t\t\t<div class=\"elementor-element elementor-element-1a49f452 elementor-align-center elementor-widget__width-auto elementor-widget elementor-widget-button\" data-id=\"1a49f452\" data-element_type=\"widget\" data-e-type=\"widget\" data-widget_type=\"button.default\">\n\t\t\t\t<div class=\"elementor-widget-container\">\n\t\t\t\t\t\t\t\t\t<div class=\"elementor-button-wrapper\">\n\t\t\t\t\t<a class=\"elementor-button elementor-button-link elementor-size-sm\" href=\"#\">\n\t\t\t\t\t\t<span class=\"elementor-button-content-wrapper\">\n\t\t\t\t\t\t\t\t\t<span class=\"elementor-button-text\">PAR STYLE DE VIE<\/span>\n\t\t\t\t\t<\/span>\n\t\t\t\t\t<\/a>\n\t\t\t\t<\/div>\n\t\t\t\t\t\t\t\t<\/div>\n\t\t\t\t<\/div>\n\t\t\t\t<div class=\"elementor-element elementor-element-3de34203 elementor-widget__width-auto elementor-widget elementor-widget-button\" data-id=\"3de34203\" data-element_type=\"widget\" data-e-type=\"widget\" data-widget_type=\"button.default\">\n\t\t\t\t<div class=\"elementor-widget-container\">\n\t\t\t\t\t\t\t\t\t<div class=\"elementor-button-wrapper\">\n\t\t\t\t\t<a class=\"elementor-button elementor-button-link elementor-size-sm\" href=\"#category\">\n\t\t\t\t\t\t<span class=\"elementor-button-content-wrapper\">\n\t\t\t\t\t\t\t\t\t<span class=\"elementor-button-text\">PAR CAT\u00c9GORIE<\/span>\n\t\t\t\t\t<\/span>\n\t\t\t\t\t<\/a>\n\t\t\t\t<\/div>\n\t\t\t\t\t\t\t\t<\/div>\n\t\t\t\t<\/div>\n\t\t\t\t<\/div>\n\t\t<div class=\"elementor-element elementor-element-7c457906 e-con-full e-grid e-con e-child\" data-id=\"7c457906\" data-element_type=\"container\" data-e-type=\"container\">\n\t\t<a class=\"elementor-element elementor-element-1dab8795 e-con-full e-flex e-con e-child\" data-id=\"1dab8795\" data-element_type=\"container\" data-e-type=\"container\" data-settings=\"{&quot;background_background&quot;:&quot;classic&quot;}\" href=\"\/fr\/a-la-maison\">\n\t\t\t\t<div class=\"elementor-element elementor-element-61d97cfb elementor-widget elementor-widget-heading\" data-id=\"61d97cfb\" data-element_type=\"widget\" data-e-type=\"widget\" data-widget_type=\"heading.default\">\n\t\t\t\t<div class=\"elementor-widget-container\">\n\t\t\t\t\t<h2 class=\"elementor-heading-title elementor-size-default\">\u00c0 LA MAISON<\/h2>\t\t\t\t<\/div>\n\t\t\t\t<\/div>\n\t\t\t\t<\/a>\n\t\t<a class=\"elementor-element elementor-element-3ce5fb1e e-con-full e-flex e-con e-child\" data-id=\"3ce5fb1e\" data-element_type=\"container\" data-e-type=\"container\" data-settings=\"{&quot;background_background&quot;:&quot;classic&quot;}\" href=\"\/fr\/au-travail\/\">\n\t\t\t\t<div class=\"elementor-element elementor-element-711693cb elementor-widget elementor-widget-heading\" data-id=\"711693cb\" data-element_type=\"widget\" data-e-type=\"widget\" data-widget_type=\"heading.default\">\n\t\t\t\t<div class=\"elementor-widget-container\">\n\t\t\t\t\t<h2 class=\"elementor-heading-title elementor-size-default\">AU TRAVAIL<\/h2>\t\t\t\t<\/div>\n\t\t\t\t<\/div>\n\t\t\t\t<\/a>\n\t\t<a class=\"elementor-element elementor-element-1b012a51 e-con-full e-flex e-con e-child\" data-id=\"1b012a51\" data-element_type=\"container\" data-e-type=\"container\" data-settings=\"{&quot;background_background&quot;:&quot;classic&quot;}\" href=\"\/fr\/en-deplacement\">\n\t\t\t\t<div class=\"elementor-element elementor-element-6e5c974d elementor-widget elementor-widget-heading\" data-id=\"6e5c974d\" data-element_type=\"widget\" data-e-type=\"widget\" data-widget_type=\"heading.default\">\n\t\t\t\t<div class=\"elementor-widget-container\">\n\t\t\t\t\t<h2 class=\"elementor-heading-title elementor-size-default\">EN D\u00c9PLACEMENT<\/h2>\t\t\t\t<\/div>\n\t\t\t\t<\/div>\n\t\t\t\t<\/a>\n\t\t<a class=\"elementor-element elementor-element-7ec9444c e-con-full e-flex e-con e-child\" data-id=\"7ec9444c\" data-element_type=\"container\" data-e-type=\"container\" data-settings=\"{&quot;background_background&quot;:&quot;classic&quot;}\" href=\"\/fr\/fitness\">\n\t\t\t\t<div class=\"elementor-element elementor-element-6bb4e1ac elementor-widget elementor-widget-heading\" data-id=\"6bb4e1ac\" data-element_type=\"widget\" data-e-type=\"widget\" data-widget_type=\"heading.default\">\n\t\t\t\t<div class=\"elementor-widget-container\">\n\t\t\t\t\t<h2 class=\"elementor-heading-title elementor-size-default\">FITNESS<\/h2>\t\t\t\t<\/div>\n\t\t\t\t<\/div>\n\t\t\t\t<\/a>\n\t\t<div class=\"elementor-element elementor-element-d787270 e-con-full e-flex e-con e-child\" data-id=\"d787270\" data-element_type=\"container\" data-e-type=\"container\" data-settings=\"{&quot;background_background&quot;:&quot;classic&quot;}\">\n\t\t\t\t<div class=\"elementor-element elementor-element-a69e6a5 elementor-widget elementor-widget-heading\" data-id=\"a69e6a5\" data-element_type=\"widget\" data-e-type=\"widget\" data-widget_type=\"heading.default\">\n\t\t\t\t<div class=\"elementor-widget-container\">\n\t\t\t\t\t<h2 class=\"elementor-heading-title elementor-size-default\">Recevez <br><span style=\"color:#F75609\">la brochure Produits QNET<\/span><\/h2>\t\t\t\t<\/div>\n\t\t\t\t<\/div>\n\t\t\t\t<div class=\"elementor-element elementor-element-486a557 elementor-align-right elementor-mobile-align-right elementor-widget-mobile__width-auto elementor-widget elementor-widget-button\" data-id=\"486a557\" data-element_type=\"widget\" data-e-type=\"widget\" data-widget_type=\"button.default\">\n\t\t\t\t<div class=\"elementor-widget-container\">\n\t\t\t\t\t\t\t\t\t<div class=\"elementor-button-wrapper\">\n\t\t\t\t\t<a class=\"elementor-button elementor-button-link elementor-size-sm\" href=\"https:\/\/issuu.com\/qnet\/docs\/qnet_product_portfolio_en_\" rel=\"nofollow noopener\" target=\"_blank\">\n\t\t\t\t\t\t<span class=\"elementor-button-content-wrapper\">\n\t\t\t\t\t\t<span class=\"elementor-button-icon\">\n\t\t\t\t<svg xmlns=\"http:\/\/www.w3.org\/2000\/svg\" width=\"15\" height=\"12\" viewBox=\"0 0 15 12\" fill=\"none\"><path d=\"M0.560499 6.20634H13.0333L8.90465 10.335C8.68578 10.5539 8.68578 10.9086 8.90465 11.1275C9.01395 11.2371 9.15744 11.2918 9.30093 11.2918C9.44442 11.2918 9.5879 11.2371 9.6972 11.1275L14.7826 6.04211C15.0015 5.82324 15.0015 5.46844 14.7826 5.24957L9.69748 0.164156C9.47889 -0.0547188 9.12353 -0.0547188 8.90494 0.164156C8.68606 0.383031 8.68606 0.737828 8.90494 0.956703L13.0336 5.08534H0.560499C0.251104 5.08534 0 5.33645 0 5.64584C0 5.95524 0.250823 6.20634 0.560499 6.20634Z\" fill=\"black\"><\/path><\/svg>\t\t\t<\/span>\n\t\t\t\t\t\t\t\t\t<span class=\"elementor-button-text\">T\u00e9lechargez<\/span>\n\t\t\t\t\t<\/span>\n\t\t\t\t\t<\/a>\n\t\t\t\t<\/div>\n\t\t\t\t\t\t\t\t<\/div>\n\t\t\t\t<\/div>\n\t\t\t\t<\/div>\n\t\t\t\t<\/div>\n\t\t\t\t<div class=\"elementor-element elementor-element-6d7a7b43 elementor-widget elementor-widget-menu-anchor\" data-id=\"6d7a7b43\" data-element_type=\"widget\" data-e-type=\"widget\" data-widget_type=\"menu-anchor.default\">\n\t\t\t\t<div class=\"elementor-widget-container\">\n\t\t\t\t\t\t\t<div class=\"elementor-menu-anchor\" id=\"category\"><\/div>\n\t\t\t\t\t\t<\/div>\n\t\t\t\t<\/div>\n\t\t\t\t<div class=\"elementor-element elementor-element-8515b30 elementor-widget elementor-widget-heading\" data-id=\"8515b30\" data-element_type=\"widget\" data-e-type=\"widget\" data-widget_type=\"heading.default\">\n\t\t\t\t<div class=\"elementor-widget-container\">\n\t\t\t\t\t<h2 class=\"elementor-heading-title elementor-size-default\">Explorer<\/h2>\t\t\t\t<\/div>\n\t\t\t\t<\/div>\n\t\t\t\t<div class=\"elementor-element elementor-element-38ce3ef6 elementor-widget elementor-widget-text-editor\" data-id=\"38ce3ef6\" data-element_type=\"widget\" data-e-type=\"widget\" data-widget_type=\"text-editor.default\">\n\t\t\t\t<div class=\"elementor-widget-container\">\n\t\t\t\t\t\t\t\t\tMarques de confiance et leurs offres\t\t\t\t\t\t\t\t<\/div>\n\t\t\t\t<\/div>\n\t\t<div class=\"elementor-element elementor-element-45f0127 e-con-full e-grid e-con e-child\" data-id=\"45f0127\" data-element_type=\"container\" data-e-type=\"container\">\n\t\t<a class=\"elementor-element elementor-element-f585013 e-con-full e-flex e-con e-child\" data-id=\"f585013\" data-element_type=\"container\" data-e-type=\"container\" data-settings=\"{&quot;background_background&quot;:&quot;classic&quot;}\" href=\"\/fr\/montres-bijoux\">\n\t\t\t\t<div class=\"elementor-element elementor-element-68d3b84 elementor-widget elementor-widget-heading\" data-id=\"68d3b84\" data-element_type=\"widget\" data-e-type=\"widget\" data-widget_type=\"heading.default\">\n\t\t\t\t<div class=\"elementor-widget-container\">\n\t\t\t\t\t<h2 class=\"elementor-heading-title elementor-size-default\">MONTRES &amp; BIJOUX<\/h2>\t\t\t\t<\/div>\n\t\t\t\t<\/div>\n\t\t\t\t<\/a>\n\t\t<a class=\"elementor-element elementor-element-0861abb e-con-full e-flex e-con e-child\" data-id=\"0861abb\" data-element_type=\"container\" data-e-type=\"container\" data-settings=\"{&quot;background_background&quot;:&quot;classic&quot;}\" href=\"\/fr\/maison-vie\">\n\t\t\t\t<div class=\"elementor-element elementor-element-7e50cc5 elementor-widget elementor-widget-heading\" data-id=\"7e50cc5\" data-element_type=\"widget\" data-e-type=\"widget\" data-widget_type=\"heading.default\">\n\t\t\t\t<div class=\"elementor-widget-container\">\n\t\t\t\t\t<h2 class=\"elementor-heading-title elementor-size-default\">MAISON &amp; VIE<\/h2>\t\t\t\t<\/div>\n\t\t\t\t<\/div>\n\t\t\t\t<\/a>\n\t\t<a class=\"elementor-element elementor-element-9b09d42 e-con-full e-flex e-con e-child\" data-id=\"9b09d42\" data-element_type=\"container\" data-e-type=\"container\" data-settings=\"{&quot;background_background&quot;:&quot;classic&quot;}\" href=\"\/fr\/vacances\">\n\t\t\t\t<div class=\"elementor-element elementor-element-4997fea elementor-widget elementor-widget-heading\" data-id=\"4997fea\" data-element_type=\"widget\" data-e-type=\"widget\" data-widget_type=\"heading.default\">\n\t\t\t\t<div class=\"elementor-widget-container\">\n\t\t\t\t\t<h2 class=\"elementor-heading-title elementor-size-default\">VACANCES<\/h2>\t\t\t\t<\/div>\n\t\t\t\t<\/div>\n\t\t\t\t<\/a>\n\t\t<a class=\"elementor-element elementor-element-a60ea2f e-con-full e-flex e-con e-child\" data-id=\"a60ea2f\" data-element_type=\"container\" data-e-type=\"container\" data-settings=\"{&quot;background_background&quot;:&quot;classic&quot;}\" href=\"\/fr\/sante\">\n\t\t\t\t<div class=\"elementor-element elementor-element-11f7d54 elementor-widget elementor-widget-heading\" data-id=\"11f7d54\" data-element_type=\"widget\" data-e-type=\"widget\" data-widget_type=\"heading.default\">\n\t\t\t\t<div class=\"elementor-widget-container\">\n\t\t\t\t\t<h2 class=\"elementor-heading-title elementor-size-default\">SANT\u00c9<\/h2>\t\t\t\t<\/div>\n\t\t\t\t<\/div>\n\t\t\t\t<\/a>\n\t\t<a class=\"elementor-element elementor-element-edd5c05 e-con-full e-flex e-con e-child\" data-id=\"edd5c05\" data-element_type=\"container\" data-e-type=\"container\" data-settings=\"{&quot;background_background&quot;:&quot;classic&quot;}\" href=\"\/fr\/soins-personnels\">\n\t\t\t\t<div class=\"elementor-element elementor-element-463ed82 elementor-widget elementor-widget-heading\" data-id=\"463ed82\" data-element_type=\"widget\" data-e-type=\"widget\" data-widget_type=\"heading.default\">\n\t\t\t\t<div class=\"elementor-widget-container\">\n\t\t\t\t\t<h2 class=\"elementor-heading-title elementor-size-default\">SOINS PERSONNELS<\/h2>\t\t\t\t<\/div>\n\t\t\t\t<\/div>\n\t\t\t\t<\/a>\n\t\t<a class=\"elementor-element elementor-element-b6391ac e-con-full e-flex e-con e-child\" data-id=\"b6391ac\" data-element_type=\"container\" data-e-type=\"container\" data-settings=\"{&quot;background_background&quot;:&quot;classic&quot;}\" href=\"\/fr\/bien-etre\">\n\t\t\t\t<div class=\"elementor-element elementor-element-0305ccc elementor-widget elementor-widget-heading\" data-id=\"0305ccc\" data-element_type=\"widget\" data-e-type=\"widget\" data-widget_type=\"heading.default\">\n\t\t\t\t<div class=\"elementor-widget-container\">\n\t\t\t\t\t<h2 class=\"elementor-heading-title elementor-size-default\">BIEN-\u00caTRE<\/h2>\t\t\t\t<\/div>\n\t\t\t\t<\/div>\n\t\t\t\t<\/a>\n\t\t<a class=\"elementor-element elementor-element-eec1d77 e-con-full e-flex e-con e-child\" data-id=\"eec1d77\" data-element_type=\"container\" data-e-type=\"container\" data-settings=\"{&quot;background_background&quot;:&quot;classic&quot;}\" href=\"\/fr\/education\">\n\t\t\t\t<div class=\"elementor-element elementor-element-8e80554 elementor-widget elementor-widget-heading\" data-id=\"8e80554\" data-element_type=\"widget\" data-e-type=\"widget\" data-widget_type=\"heading.default\">\n\t\t\t\t<div class=\"elementor-widget-container\">\n\t\t\t\t\t<h2 class=\"elementor-heading-title elementor-size-default\">\u00c9DUCATION<\/h2>\t\t\t\t<\/div>\n\t\t\t\t<\/div>\n\t\t\t\t<\/a>\n\t\t<a class=\"elementor-element elementor-element-e6ac4c6 e-con-full e-flex e-con e-child\" data-id=\"e6ac4c6\" data-element_type=\"container\" data-e-type=\"container\" data-settings=\"{&quot;background_background&quot;:&quot;classic&quot;}\" href=\"\/fr\/technologie\">\n\t\t\t\t<div class=\"elementor-element elementor-element-f8e6997 elementor-widget elementor-widget-heading\" data-id=\"f8e6997\" data-element_type=\"widget\" data-e-type=\"widget\" data-widget_type=\"heading.default\">\n\t\t\t\t<div class=\"elementor-widget-container\">\n\t\t\t\t\t<h2 class=\"elementor-heading-title elementor-size-default\">TECHNOLOGIE<\/h2>\t\t\t\t<\/div>\n\t\t\t\t<\/div>\n\t\t\t\t<\/a>\n\t\t<div class=\"elementor-element elementor-element-4aadef3 e-con-full e-flex e-con e-child\" data-id=\"4aadef3\" data-element_type=\"container\" data-e-type=\"container\" data-settings=\"{&quot;background_background&quot;:&quot;classic&quot;}\">\n\t\t\t\t<div class=\"elementor-element elementor-element-0f0a21e elementor-widget elementor-widget-heading\" data-id=\"0f0a21e\" data-element_type=\"widget\" data-e-type=\"widget\" data-widget_type=\"heading.default\">\n\t\t\t\t<div class=\"elementor-widget-container\">\n\t\t\t\t\t<h2 class=\"elementor-heading-title elementor-size-default\">Recevez <br><span style=\"color:#F75609\">la brochure Produits QNET<\/span><\/h2>\t\t\t\t<\/div>\n\t\t\t\t<\/div>\n\t\t\t\t<div class=\"elementor-element elementor-element-686016a elementor-align-right elementor-mobile-align-right elementor-widget-mobile__width-auto elementor-widget elementor-widget-button\" data-id=\"686016a\" data-element_type=\"widget\" data-e-type=\"widget\" data-widget_type=\"button.default\">\n\t\t\t\t<div class=\"elementor-widget-container\">\n\t\t\t\t\t\t\t\t\t<div class=\"elementor-button-wrapper\">\n\t\t\t\t\t<a class=\"elementor-button elementor-button-link elementor-size-sm\" href=\"https:\/\/issuu.com\/qnet\/docs\/qnet_product_portfolio_en_\" rel=\"nofollow noopener\" target=\"_blank\">\n\t\t\t\t\t\t<span class=\"elementor-button-content-wrapper\">\n\t\t\t\t\t\t<span class=\"elementor-button-icon\">\n\t\t\t\t<svg xmlns=\"http:\/\/www.w3.org\/2000\/svg\" width=\"15\" height=\"12\" viewBox=\"0 0 15 12\" fill=\"none\"><path d=\"M0.560499 6.20634H13.0333L8.90465 10.335C8.68578 10.5539 8.68578 10.9086 8.90465 11.1275C9.01395 11.2371 9.15744 11.2918 9.30093 11.2918C9.44442 11.2918 9.5879 11.2371 9.6972 11.1275L14.7826 6.04211C15.0015 5.82324 15.0015 5.46844 14.7826 5.24957L9.69748 0.164156C9.47889 -0.0547188 9.12353 -0.0547188 8.90494 0.164156C8.68606 0.383031 8.68606 0.737828 8.90494 0.956703L13.0336 5.08534H0.560499C0.251104 5.08534 0 5.33645 0 5.64584C0 5.95524 0.250823 6.20634 0.560499 6.20634Z\" fill=\"black\"><\/path><\/svg>\t\t\t<\/span>\n\t\t\t\t\t\t\t\t\t<span class=\"elementor-button-text\">T\u00e9lechargez<\/span>\n\t\t\t\t\t<\/span>\n\t\t\t\t\t<\/a>\n\t\t\t\t<\/div>\n\t\t\t\t\t\t\t\t<\/div>\n\t\t\t\t<\/div>\n\t\t\t\t<\/div>\n\t\t\t\t<\/div>\n\t\t\t\t\t<\/div>\n\t\t\t\t<\/div>\n\t\t\t\t<\/div>\n\t\t","protected":false},"excerpt":{"rendered":"<p>PRODUITS QNET D\u00e9couvrir Des produits adapt\u00e9s \u00e0 votre style de vie PAR STYLE DE VIE PAR CAT\u00c9GORIE \u00c0 LA MAISON AU TRAVAIL EN D\u00c9PLACEMENT FITNESS Recevez la brochure Produits QNET T\u00e9lechargez Explorer Marques de confiance et leurs offres MONTRES &amp; BIJOUX MAISON &amp; VIE VACANCES SANT\u00c9 SOINS PERSONNELS BIEN-\u00caTRE \u00c9DUCATION TECHNOLOGIE Recevez la brochure Produits [&hellip;]<\/p>\n","protected":false},"author":3,"featured_media":59588,"parent":0,"menu_order":0,"comment_status":"closed","ping_status":"closed","template":"","meta":{"footnotes":""},"class_list":["post-37208","page","type-page","status-publish","has-post-thumbnail"],"_links":{"self":[{"href":"https:\/\/africa.qnet.net\/fr\/wp-json\/wp\/v2\/pages\/37208","targetHints":{"allow":["GET"]}}],"collection":[{"href":"https:\/\/africa.qnet.net\/fr\/wp-json\/wp\/v2\/pages"}],"about":[{"href":"https:\/\/africa.qnet.net\/fr\/wp-json\/wp\/v2\/types\/page"}],"author":[{"embeddable":true,"href":"https:\/\/africa.qnet.net\/fr\/wp-json\/wp\/v2\/users\/3"}],"replies":[{"embeddable":true,"href":"https:\/\/africa.qnet.net\/fr\/wp-json\/wp\/v2\/comments?post=37208"}],"version-history":[{"count":0,"href":"https:\/\/africa.qnet.net\/fr\/wp-json\/wp\/v2\/pages\/37208\/revisions"}],"wp:featuredmedia":[{"embeddable":true,"href":"https:\/\/africa.qnet.net\/fr\/wp-json\/wp\/v2\/media\/59588"}],"wp:attachment":[{"href":"https:\/\/africa.qnet.net\/fr\/wp-json\/wp\/v2\/media?parent=37208"}],"curies":[{"name":"wp","href":"https:\/\/api.w.org\/{rel}","templated":true}]}}