{"id":63307,"date":"2025-07-04T07:03:00","date_gmt":"2025-07-04T07:03:00","guid":{"rendered":"https:\/\/qnetafrica2stg.wpenginepowered.com\/social-media-toolkit\/grow-your-network\/"},"modified":"2026-03-06T03:54:23","modified_gmt":"2026-03-06T03:54:23","slug":"agrandir-son-reseau","status":"publish","type":"page","link":"https:\/\/africa.qnet.net\/fr\/outils-reseaux-sociaux\/agrandir-son-reseau\/","title":{"rendered":"Agrandir son R\u00e9seau"},"content":{"rendered":"\t\t<div data-elementor-type=\"wp-page\" data-elementor-id=\"63307\" class=\"elementor elementor-63307 elementor-62706\" data-elementor-post-type=\"page\">\n\t\t\t\t<div class=\"elementor-element elementor-element-cacec19 e-con-full e-flex e-con e-parent\" data-id=\"cacec19\" data-element_type=\"container\" data-e-type=\"container\" data-settings=\"{&quot;background_background&quot;:&quot;classic&quot;}\">\n\t\t<div class=\"elementor-element elementor-element-f734745 e-con-full e-flex e-con e-child\" data-id=\"f734745\" data-element_type=\"container\" data-e-type=\"container\" data-settings=\"{&quot;background_background&quot;:&quot;classic&quot;}\">\n\t\t\t\t<div class=\"elementor-element elementor-element-ee55efd elementor-widget elementor-widget-heading\" data-id=\"ee55efd\" data-element_type=\"widget\" data-e-type=\"widget\" data-widget_type=\"heading.default\">\n\t\t\t\t<div class=\"elementor-widget-container\">\n\t\t\t\t\t<h2 class=\"elementor-heading-title elementor-size-default\">Bo\u00eete \u00e0 outils des m\u00e9dias sociaux<\/h2>\t\t\t\t<\/div>\n\t\t\t\t<\/div>\n\t\t\t\t<div class=\"elementor-element elementor-element-310b528 elementor-widget elementor-widget-heading\" data-id=\"310b528\" data-element_type=\"widget\" data-e-type=\"widget\" data-widget_type=\"heading.default\">\n\t\t\t\t<div class=\"elementor-widget-container\">\n\t\t\t\t\t<h2 class=\"elementor-heading-title elementor-size-default\">COMMENT D\u00c9VELOPPER VOTRE R\u00c9SEAU ?<\/h2>\t\t\t\t<\/div>\n\t\t\t\t<\/div>\n\t\t\t\t<div class=\"elementor-element elementor-element-bac5f7f elementor-widget__width-initial elementor-widget elementor-widget-text-editor\" data-id=\"bac5f7f\" data-element_type=\"widget\" data-e-type=\"widget\" data-widget_type=\"text-editor.default\">\n\t\t\t\t<div class=\"elementor-widget-container\">\n\t\t\t\t\t\t\t\t\t<p>\u00c9largissez votre port\u00e9e en interagissant avec vos abonn\u00e9s, en rejoignant des groupes et en collaborant avec d&rsquo;autres. Plus de connexions signifie plus d&rsquo;opportunit\u00e9s.<\/p>\t\t\t\t\t\t\t\t<\/div>\n\t\t\t\t<\/div>\n\t\t\t\t<\/div>\n\t\t<div class=\"elementor-element elementor-element-462c388 e-con-full e-flex e-con e-child\" data-id=\"462c388\" data-element_type=\"container\" data-e-type=\"container\" data-settings=\"{&quot;background_background&quot;:&quot;classic&quot;}\">\n\t\t\t\t<\/div>\n\t\t\t\t<\/div>\n\t\t<div class=\"elementor-element elementor-element-9f01bb8 e-flex e-con-boxed e-con e-parent\" data-id=\"9f01bb8\" data-element_type=\"container\" data-e-type=\"container\">\n\t\t\t\t\t<div class=\"e-con-inner\">\n\t\t<div class=\"elementor-element elementor-element-23c91e4 e-con-full e-flex e-con e-child\" data-id=\"23c91e4\" data-element_type=\"container\" data-e-type=\"container\">\n\t\t\t\t<div class=\"elementor-element elementor-element-4567e72 elementor-hidden-desktop elementor-hidden-tablet elementor-widget elementor-widget-image\" data-id=\"4567e72\" data-element_type=\"widget\" data-e-type=\"widget\" data-widget_type=\"image.default\">\n\t\t\t\t<div class=\"elementor-widget-container\">\n\t\t\t\t\t\t\t\t\t\t\t\t\t\t\t<img loading=\"lazy\" loading=\"lazy\" decoding=\"async\" width=\"729\" height=\"135\" src=\"https:\/\/africa.qnet.net\/wp-content\/uploads\/2025\/07\/Group-62689-1.svg\" class=\"attachment-full size-full wp-image-63680\" alt=\"\">\t\t\t\t\t\t\t\t\t\t\t\t\t\t\t<\/div>\n\t\t\t\t<\/div>\n\t\t<div class=\"elementor-element elementor-element-007fe14 e-flex e-con-boxed e-con e-child\" data-id=\"007fe14\" data-element_type=\"container\" data-e-type=\"container\">\n\t\t\t\t\t<div class=\"e-con-inner\">\n\t\t<div class=\"elementor-element elementor-element-2b86c36 e-con-full e-flex e-con e-child\" data-id=\"2b86c36\" data-element_type=\"container\" data-e-type=\"container\" data-settings=\"{&quot;background_background&quot;:&quot;gradient&quot;}\">\n\t\t\t\t<div class=\"elementor-element elementor-element-cb6a7b3 socmed-player elementor-widget elementor-widget-video\" data-id=\"cb6a7b3\" data-element_type=\"widget\" data-e-type=\"widget\" data-settings=\"{&quot;youtube_url&quot;:&quot;https:\\\/\\\/www.youtube.com\\\/shorts\\\/I8MTwhtfIAg&quot;,&quot;show_image_overlay&quot;:&quot;yes&quot;,&quot;image_overlay&quot;:{&quot;url&quot;:&quot;https:\\\/\\\/africa.qnet.net\\\/wp-content\\\/uploads\\\/2025\\\/07\\\/shutterstock-2458824297-1-67e3ea010a353-1.webp&quot;,&quot;id&quot;:63844,&quot;size&quot;:&quot;&quot;},&quot;video_type&quot;:&quot;youtube&quot;}\" data-widget_type=\"video.default\">\n\t\t\t\t<div class=\"elementor-widget-container\">\n\t\t\t\t\t\t\t<div class=\"elementor-wrapper elementor-open-inline\">\n\t\t\t<div class=\"elementor-video\"><\/div>\t\t\t\t<div class=\"elementor-custom-embed-image-overlay\" style=\"background-image: url(https:\/\/africa.qnet.net\/wp-content\/uploads\/2025\/07\/shutterstock-2458824297-1-67e3ea010a353-1.webp);\">\n\t\t\t\t\t\t\t\t\t\t\t\t\t\t\t\t<div class=\"elementor-custom-embed-play\" role=\"button\" aria-label=\"Lire la vid\u00e9o\" tabindex=\"0\">\n\t\t\t\t\t\t\t<i aria-hidden=\"true\" class=\"fas fa-play-circle\"><\/i>\t\t\t\t\t\t<\/div>\n\t\t\t\t\t\t\t\t\t<\/div>\n\t\t\t\t\t<\/div>\n\t\t\t\t\t\t<\/div>\n\t\t\t\t<\/div>\n\t\t\t\t<\/div>\n\t\t<div class=\"elementor-element elementor-element-6383527 e-con-full e-flex e-con e-child\" data-id=\"6383527\" data-element_type=\"container\" data-e-type=\"container\">\n\t\t\t\t<div class=\"elementor-element elementor-element-3457d2e elementor-widget__width-initial elementor-widget-mobile__width-initial elementor-widget elementor-widget-text-editor\" data-id=\"3457d2e\" data-element_type=\"widget\" data-e-type=\"widget\" data-widget_type=\"text-editor.default\">\n\t\t\t\t<div class=\"elementor-widget-container\">\n\t\t\t\t\t\t\t\t\t<p>Entarigissez avec votre public d\u00e8s maintenant, vous contribuez \u00e0 renforcer la notori\u00e9t\u00e9 et la fid\u00e9lit\u00e9 de votre marque. Cela g\u00e9n\u00e8re davantage d&rsquo;engagement, ce qui peut stimuler la croissance de votre entreprise.<\/p>\t\t\t\t\t\t\t\t<\/div>\n\t\t\t\t<\/div>\n\t\t\t\t<\/div>\n\t\t\t\t\t<\/div>\n\t\t\t\t<\/div>\n\t\t\t\t<div class=\"elementor-element elementor-element-11e9c0d elementor-widget__width-initial elementor-widget elementor-widget-heading\" data-id=\"11e9c0d\" data-element_type=\"widget\" data-e-type=\"widget\" data-widget_type=\"heading.default\">\n\t\t\t\t<div class=\"elementor-widget-container\">\n\t\t\t\t\t<h2 class=\"elementor-heading-title elementor-size-default\">Croissance de base<br><span style=\"color:#FC78A7\">Conseils<\/span><\/h2>\t\t\t\t<\/div>\n\t\t\t\t<\/div>\n\t\t<div class=\"elementor-element elementor-element-4f3087e e-con-full e-grid e-con e-child\" data-id=\"4f3087e\" data-element_type=\"container\" data-e-type=\"container\">\n\t\t<div class=\"elementor-element elementor-element-a7d001c e-con-full e-flex e-con e-child\" data-id=\"a7d001c\" data-element_type=\"container\" data-e-type=\"container\" data-settings=\"{&quot;background_background&quot;:&quot;classic&quot;}\">\n\t\t\t\t<div class=\"elementor-element elementor-element-57fa7cb elementor-widget elementor-widget-text-editor\" data-id=\"57fa7cb\" data-element_type=\"widget\" data-e-type=\"widget\" data-widget_type=\"text-editor.default\">\n\t\t\t\t<div class=\"elementor-widget-container\">\n\t\t\t\t\t\t\t\t\t<p>Publiez r\u00e9guli\u00e8rement du contenu engageant.<\/p>\t\t\t\t\t\t\t\t<\/div>\n\t\t\t\t<\/div>\n\t\t\t\t<\/div>\n\t\t<div class=\"elementor-element elementor-element-79994ad e-con-full e-flex e-con e-child\" data-id=\"79994ad\" data-element_type=\"container\" data-e-type=\"container\" data-settings=\"{&quot;background_background&quot;:&quot;classic&quot;}\">\n\t\t\t\t<div class=\"elementor-element elementor-element-b930874 elementor-widget elementor-widget-text-editor\" data-id=\"b930874\" data-element_type=\"widget\" data-e-type=\"widget\" data-widget_type=\"text-editor.default\">\n\t\t\t\t<div class=\"elementor-widget-container\">\n\t\t\t\t\t\t\t\t\t<p>Utilisez des hashtags populaires et des sujets tendance.<\/p>\t\t\t\t\t\t\t\t<\/div>\n\t\t\t\t<\/div>\n\t\t\t\t<\/div>\n\t\t<div class=\"elementor-element elementor-element-d2b9d78 e-con-full e-flex e-con e-child\" data-id=\"d2b9d78\" data-element_type=\"container\" data-e-type=\"container\" data-settings=\"{&quot;background_background&quot;:&quot;classic&quot;}\">\n\t\t\t\t<div class=\"elementor-element elementor-element-7373d50 elementor-widget elementor-widget-text-editor\" data-id=\"7373d50\" data-element_type=\"widget\" data-e-type=\"widget\" data-widget_type=\"text-editor.default\">\n\t\t\t\t<div class=\"elementor-widget-container\">\n\t\t\t\t\t\t\t\t\t<p>Collaborez avec d\u2019autres et faites de la promotion crois\u00e9e.<\/p>\t\t\t\t\t\t\t\t<\/div>\n\t\t\t\t<\/div>\n\t\t\t\t<\/div>\n\t\t<div class=\"elementor-element elementor-element-e70c6a2 e-con-full elementor-hidden-mobile e-flex e-con e-child\" data-id=\"e70c6a2\" data-element_type=\"container\" data-e-type=\"container\" data-settings=\"{&quot;background_background&quot;:&quot;classic&quot;}\">\n\t\t\t\t<\/div>\n\t\t<div class=\"elementor-element elementor-element-f106c42 e-con-full e-flex e-con e-child\" data-id=\"f106c42\" data-element_type=\"container\" data-e-type=\"container\" data-settings=\"{&quot;background_background&quot;:&quot;classic&quot;}\">\n\t\t\t\t<div class=\"elementor-element elementor-element-19c5e05 elementor-widget elementor-widget-text-editor\" data-id=\"19c5e05\" data-element_type=\"widget\" data-e-type=\"widget\" data-widget_type=\"text-editor.default\">\n\t\t\t\t<div class=\"elementor-widget-container\">\n\t\t\t\t\t\t\t\t\t<p>Rejoignez des groupes et des communaut\u00e9s de l\u2019industrie.<\/p>\t\t\t\t\t\t\t\t<\/div>\n\t\t\t\t<\/div>\n\t\t\t\t<\/div>\n\t\t<div class=\"elementor-element elementor-element-25062c8 e-con-full e-flex e-con e-child\" data-id=\"25062c8\" data-element_type=\"container\" data-e-type=\"container\" data-settings=\"{&quot;background_background&quot;:&quot;classic&quot;}\">\n\t\t\t\t<div class=\"elementor-element elementor-element-1a79a36 elementor-widget elementor-widget-text-editor\" data-id=\"1a79a36\" data-element_type=\"widget\" data-e-type=\"widget\" data-widget_type=\"text-editor.default\">\n\t\t\t\t<div class=\"elementor-widget-container\">\n\t\t\t\t\t\t\t\t\t<p>Interagissez avec votre public.<\/p>\t\t\t\t\t\t\t\t<\/div>\n\t\t\t\t<\/div>\n\t\t\t\t<\/div>\n\t\t<div class=\"elementor-element elementor-element-b86fb60 e-con-full e-flex e-con e-child\" data-id=\"b86fb60\" data-element_type=\"container\" data-e-type=\"container\" data-settings=\"{&quot;background_background&quot;:&quot;classic&quot;}\">\n\t\t\t\t<div class=\"elementor-element elementor-element-59b4335 elementor-widget elementor-widget-text-editor\" data-id=\"59b4335\" data-element_type=\"widget\" data-e-type=\"widget\" data-widget_type=\"text-editor.default\">\n\t\t\t\t<div class=\"elementor-widget-container\">\n\t\t\t\t\t\t\t\t\t<p>Essayez la publicit\u00e9 payante.<\/p>\t\t\t\t\t\t\t\t<\/div>\n\t\t\t\t<\/div>\n\t\t\t\t<\/div>\n\t\t<div class=\"elementor-element elementor-element-ad622bd e-con-full e-flex e-con e-child\" data-id=\"ad622bd\" data-element_type=\"container\" data-e-type=\"container\" data-settings=\"{&quot;background_background&quot;:&quot;classic&quot;}\">\n\t\t\t\t<div class=\"elementor-element elementor-element-e5c8cf9 elementor-widget elementor-widget-text-editor\" data-id=\"e5c8cf9\" data-element_type=\"widget\" data-e-type=\"widget\" data-widget_type=\"text-editor.default\">\n\t\t\t\t<div class=\"elementor-widget-container\">\n\t\t\t\t\t\t\t\t\t<p>Connectez-vous avec des influenceurs<\/p>\t\t\t\t\t\t\t\t<\/div>\n\t\t\t\t<\/div>\n\t\t\t\t<\/div>\n\t\t<div class=\"elementor-element elementor-element-13222f3 e-con-full e-flex e-con e-child\" data-id=\"13222f3\" data-element_type=\"container\" data-e-type=\"container\" data-settings=\"{&quot;background_background&quot;:&quot;classic&quot;}\">\n\t\t\t\t<div class=\"elementor-element elementor-element-097a974 elementor-widget elementor-widget-text-editor\" data-id=\"097a974\" data-element_type=\"widget\" data-e-type=\"widget\" data-widget_type=\"text-editor.default\">\n\t\t\t\t<div class=\"elementor-widget-container\">\n\t\t\t\t\t\t\t\t\t<p>Partager du contenu g\u00e9n\u00e9r\u00e9 par les utilisateurs<\/p>\t\t\t\t\t\t\t\t<\/div>\n\t\t\t\t<\/div>\n\t\t\t\t<\/div>\n\t\t<div class=\"elementor-element elementor-element-534aabf e-con-full e-flex e-con e-child\" data-id=\"534aabf\" data-element_type=\"container\" data-e-type=\"container\" data-settings=\"{&quot;background_background&quot;:&quot;classic&quot;}\">\n\t\t\t\t<div class=\"elementor-element elementor-element-ffa52aa elementor-widget elementor-widget-text-editor\" data-id=\"ffa52aa\" data-element_type=\"widget\" data-e-type=\"widget\" data-widget_type=\"text-editor.default\">\n\t\t\t\t<div class=\"elementor-widget-container\">\n\t\t\t\t\t\t\t\t\t<p>R\u00e9pondez rapidement aux commentaires et aux messages<\/p>\t\t\t\t\t\t\t\t<\/div>\n\t\t\t\t<\/div>\n\t\t\t\t<\/div>\n\t\t\t\t<\/div>\n\t\t\t\t<\/div>\n\t\t\t\t\t<\/div>\n\t\t\t\t<\/div>\n\t\t<div class=\"elementor-element elementor-element-faa2514 e-grid e-con-boxed e-con e-parent\" data-id=\"faa2514\" data-element_type=\"container\" data-e-type=\"container\">\n\t\t\t\t\t<div class=\"e-con-inner\">\n\t\t<div class=\"elementor-element elementor-element-b529b58 e-con-full e-flex e-con e-child\" data-id=\"b529b58\" data-element_type=\"container\" data-e-type=\"container\">\n\t\t\t\t<div class=\"elementor-element elementor-element-079274c elementor-widget elementor-widget-image\" data-id=\"079274c\" data-element_type=\"widget\" data-e-type=\"widget\" data-widget_type=\"image.default\">\n\t\t\t\t<div class=\"elementor-widget-container\">\n\t\t\t\t\t\t\t\t\t\t\t\t\t\t\t<img loading=\"lazy\" loading=\"lazy\" decoding=\"async\" width=\"1280\" height=\"886\" src=\"https:\/\/africa.qnet.net\/wp-content\/uploads\/2025\/07\/group-62722-67e21a3b49b9f-1-1.webp\" class=\"attachment-full size-full wp-image-63850\" alt=\"\" srcset=\"https:\/\/africa.qnet.net\/wp-content\/uploads\/2025\/07\/group-62722-67e21a3b49b9f-1-1.webp 1280w, https:\/\/africa.qnet.net\/wp-content\/uploads\/2025\/07\/group-62722-67e21a3b49b9f-1-1-439x304.webp 439w, https:\/\/africa.qnet.net\/wp-content\/uploads\/2025\/07\/group-62722-67e21a3b49b9f-1-1-768x532.webp 768w, https:\/\/africa.qnet.net\/wp-content\/uploads\/2025\/07\/group-62722-67e21a3b49b9f-1-1-860x595.webp 860w\" sizes=\"auto, (max-width: 1280px) 100vw, 1280px\" \/>\t\t\t\t\t\t\t\t\t\t\t\t\t\t\t<\/div>\n\t\t\t\t<\/div>\n\t\t\t\t<\/div>\n\t\t<div class=\"elementor-element elementor-element-12665df e-con-full e-flex e-con e-child\" data-id=\"12665df\" data-element_type=\"container\" data-e-type=\"container\">\n\t\t\t\t<div class=\"elementor-element elementor-element-6418355 elementor-widget__width-initial elementor-widget elementor-widget-heading\" data-id=\"6418355\" data-element_type=\"widget\" data-e-type=\"widget\" data-widget_type=\"heading.default\">\n\t\t\t\t<div class=\"elementor-widget-container\">\n\t\t\t\t\t<h2 class=\"elementor-heading-title elementor-size-default\"><span style=\"color:#FC78A7\">Ce qu'il faut faire<\/span><br>apr\u00e8s la publication ?<\/h2>\t\t\t\t<\/div>\n\t\t\t\t<\/div>\n\t\t\t\t<div class=\"elementor-element elementor-element-4d1a922 elementor-icon-list--layout-traditional elementor-list-item-link-full_width elementor-widget elementor-widget-icon-list\" data-id=\"4d1a922\" data-element_type=\"widget\" data-e-type=\"widget\" data-widget_type=\"icon-list.default\">\n\t\t\t\t<div class=\"elementor-widget-container\">\n\t\t\t\t\t\t\t<ul class=\"elementor-icon-list-items\">\n\t\t\t\t\t\t\t<li class=\"elementor-icon-list-item\">\n\t\t\t\t\t\t\t\t\t\t\t<span class=\"elementor-icon-list-icon\">\n\t\t\t\t\t\t\t<i aria-hidden=\"true\" class=\"fas fa-circle\"><\/i>\t\t\t\t\t\t<\/span>\n\t\t\t\t\t\t\t\t\t\t<span class=\"elementor-icon-list-text\">Partagez votre publication sur votre histoire<\/span>\n\t\t\t\t\t\t\t\t\t<\/li>\n\t\t\t\t\t\t\t\t<li class=\"elementor-icon-list-item\">\n\t\t\t\t\t\t\t\t\t\t\t<span class=\"elementor-icon-list-icon\">\n\t\t\t\t\t\t\t<i aria-hidden=\"true\" class=\"fas fa-circle\"><\/i>\t\t\t\t\t\t<\/span>\n\t\t\t\t\t\t\t\t\t\t<span class=\"elementor-icon-list-text\">Interagissez avec les publications des autres dans la premi\u00e8re heure<\/span>\n\t\t\t\t\t\t\t\t\t<\/li>\n\t\t\t\t\t\t\t\t<li class=\"elementor-icon-list-item\">\n\t\t\t\t\t\t\t\t\t\t\t<span class=\"elementor-icon-list-icon\">\n\t\t\t\t\t\t\t<i aria-hidden=\"true\" class=\"fas fa-circle\"><\/i>\t\t\t\t\t\t<\/span>\n\t\t\t\t\t\t\t\t\t\t<span class=\"elementor-icon-list-text\">R\u00e9pondez imm\u00e9diatement aux commentaires<\/span>\n\t\t\t\t\t\t\t\t\t<\/li>\n\t\t\t\t\t\t<\/ul>\n\t\t\t\t\t\t<\/div>\n\t\t\t\t<\/div>\n\t\t\t\t<\/div>\n\t\t\t\t\t<\/div>\n\t\t\t\t<\/div>\n\t\t<div class=\"elementor-element elementor-element-c0747f7 e-flex e-con-boxed e-con e-parent\" data-id=\"c0747f7\" data-element_type=\"container\" data-e-type=\"container\">\n\t\t\t\t\t<div class=\"e-con-inner\">\n\t\t\t\t<div class=\"elementor-element elementor-element-d8b1eaa elementor-widget elementor-widget-text-editor\" data-id=\"d8b1eaa\" data-element_type=\"widget\" data-e-type=\"widget\" data-widget_type=\"text-editor.default\">\n\t\t\t\t<div class=\"elementor-widget-container\">\n\t\t\t\t\t\t\t\t\tEn suivant ce guide, <span style=\"color: #fc78a7;\">vous renforcerez votre pr\u00e9sence sur les r\u00e9seaux sociaux<\/span> et promouvoirez efficacement votre entreprise en ligne.\t\t\t\t\t\t\t\t<\/div>\n\t\t\t\t<\/div>\n\t\t\t\t\t<\/div>\n\t\t\t\t<\/div>\n\t\t<div class=\"elementor-element elementor-element-55dd73f e-flex e-con-boxed e-con e-parent\" data-id=\"55dd73f\" data-element_type=\"container\" data-e-type=\"container\">\n\t\t\t\t\t<div class=\"e-con-inner\">\n\t\t<div class=\"elementor-element elementor-element-d820c18 e-con-full e-flex e-con e-child\" data-id=\"d820c18\" data-element_type=\"container\" data-e-type=\"container\">\n\t\t<div class=\"elementor-element elementor-element-848f73c e-con-full e-flex e-con e-child\" data-id=\"848f73c\" data-element_type=\"container\" data-e-type=\"container\" data-settings=\"{&quot;background_background&quot;:&quot;classic&quot;}\">\n\t\t\t\t<div class=\"elementor-element elementor-element-ed74f64 elementor-widget__width-inherit elementor-widget elementor-widget-text-editor\" data-id=\"ed74f64\" data-element_type=\"widget\" data-e-type=\"widget\" data-widget_type=\"text-editor.default\">\n\t\t\t\t<div class=\"elementor-widget-container\">\n\t\t\t\t\t\t\t\t\t<p>Explorez plus de sujets<\/p>\t\t\t\t\t\t\t\t<\/div>\n\t\t\t\t<\/div>\n\t\t<div class=\"elementor-element elementor-element-880ca17 e-con-full e-grid e-con e-child\" data-id=\"880ca17\" data-element_type=\"container\" data-e-type=\"container\">\n\t\t<a class=\"elementor-element elementor-element-4766320 e-con-full e-flex e-con e-child\" data-id=\"4766320\" data-element_type=\"container\" data-e-type=\"container\" href=\"\/social-media-toolkit\/ready-to-start\">\n\t\t\t\t<div class=\"elementor-element elementor-element-83ac01b elementor-widget elementor-widget-heading\" data-id=\"83ac01b\" data-element_type=\"widget\" data-e-type=\"widget\" data-widget_type=\"heading.default\">\n\t\t\t\t<div class=\"elementor-widget-container\">\n\t\t\t\t\t<h2 class=\"elementor-heading-title elementor-size-default\">PR\u00caT \u00c0 COMMENCER ?<\/h2>\t\t\t\t<\/div>\n\t\t\t\t<\/div>\n\t\t\t\t<\/a>\n\t\t<a class=\"elementor-element elementor-element-2dd380f e-con-full e-flex e-con e-child\" data-id=\"2dd380f\" data-element_type=\"container\" data-e-type=\"container\" href=\"\/social-media-toolkit\/optimized-profile\">\n\t\t\t\t<div class=\"elementor-element elementor-element-8d32817 elementor-widget elementor-widget-heading\" data-id=\"8d32817\" data-element_type=\"widget\" data-e-type=\"widget\" data-widget_type=\"heading.default\">\n\t\t\t\t<div class=\"elementor-widget-container\">\n\t\t\t\t\t<h2 class=\"elementor-heading-title elementor-size-default\">VOTRE PROFIL EST-IL OPTIMISATEUR ?<\/h2>\t\t\t\t<\/div>\n\t\t\t\t<\/div>\n\t\t\t\t<\/a>\n\t\t<a class=\"elementor-element elementor-element-e01ebf2 e-con-full e-flex e-con e-child\" data-id=\"e01ebf2\" data-element_type=\"container\" data-e-type=\"container\" href=\"\/social-media-toolkit\/create-engaging-content\">\n\t\t\t\t<div class=\"elementor-element elementor-element-19383dc elementor-widget elementor-widget-heading\" data-id=\"19383dc\" data-element_type=\"widget\" data-e-type=\"widget\" data-widget_type=\"heading.default\">\n\t\t\t\t<div class=\"elementor-widget-container\">\n\t\t\t\t\t<h2 class=\"elementor-heading-title elementor-size-default\">COMMENT CR\u00c9ER DU CONTENU ENGAGEANT ?<\/h2>\t\t\t\t<\/div>\n\t\t\t\t<\/div>\n\t\t\t\t<\/a>\n\t\t<a class=\"elementor-element elementor-element-ef0cb26 e-con-full e-flex e-con e-child\" data-id=\"ef0cb26\" data-element_type=\"container\" data-e-type=\"container\" href=\"\/social-media-toolkit\/create-engaging-content\">\n\t\t\t\t<div class=\"elementor-element elementor-element-b0d4a40 elementor-widget elementor-widget-heading\" data-id=\"b0d4a40\" data-element_type=\"widget\" data-e-type=\"widget\" data-widget_type=\"heading.default\">\n\t\t\t\t<div class=\"elementor-widget-container\">\n\t\t\t\t\t<h2 class=\"elementor-heading-title elementor-size-default\">COMMENT CR\u00c9ER DU CONTENU ENGAGEANT ?<\/h2>\t\t\t\t<\/div>\n\t\t\t\t<\/div>\n\t\t\t\t<\/a>\n\t\t\t\t<\/div>\n\t\t\t\t<div class=\"elementor-element elementor-element-eaf9a96 elementor-widget elementor-widget-button\" data-id=\"eaf9a96\" data-element_type=\"widget\" data-e-type=\"widget\" data-widget_type=\"button.default\">\n\t\t\t\t<div class=\"elementor-widget-container\">\n\t\t\t\t\t\t\t\t\t<div class=\"elementor-button-wrapper\">\n\t\t\t\t\t<a class=\"elementor-button elementor-button-link elementor-size-sm\" href=\"\/social-media-toolkit\">\n\t\t\t\t\t\t<span class=\"elementor-button-content-wrapper\">\n\t\t\t\t\t\t<span class=\"elementor-button-icon\">\n\t\t\t\t<i aria-hidden=\"true\" class=\"fas fa-arrow-left\"><\/i>\t\t\t<\/span>\n\t\t\t\t\t\t\t\t\t<span class=\"elementor-button-text\">Bo\u00eete \u00e0 outils des m\u00e9dias sociaux<\/span>\n\t\t\t\t\t<\/span>\n\t\t\t\t\t<\/a>\n\t\t\t\t<\/div>\n\t\t\t\t\t\t\t\t<\/div>\n\t\t\t\t<\/div>\n\t\t\t\t<\/div>\n\t\t\t\t<\/div>\n\t\t\t\t\t<\/div>\n\t\t\t\t<\/div>\n\t\t\t\t<\/div>\n\t\t","protected":false},"excerpt":{"rendered":"<p>Bo\u00eete \u00e0 outils des m\u00e9dias sociaux COMMENT D\u00c9VELOPPER VOTRE R\u00c9SEAU ? \u00c9largissez votre port\u00e9e en interagissant avec vos abonn\u00e9s, en rejoignant des groupes et en collaborant avec d&rsquo;autres. Plus de connexions signifie plus d&rsquo;opportunit\u00e9s. https:\/\/www.youtube.com\/shorts\/I8MTwhtfIAg Entarigissez avec votre public d\u00e8s maintenant, vous contribuez \u00e0 renforcer la notori\u00e9t\u00e9 et la fid\u00e9lit\u00e9 de votre marque. Cela g\u00e9n\u00e8re [&hellip;]<\/p>\n","protected":false},"author":3,"featured_media":63838,"parent":63303,"menu_order":0,"comment_status":"closed","ping_status":"closed","template":"","meta":{"footnotes":""},"class_list":["post-63307","page","type-page","status-publish","has-post-thumbnail"],"_links":{"self":[{"href":"https:\/\/africa.qnet.net\/fr\/wp-json\/wp\/v2\/pages\/63307","targetHints":{"allow":["GET"]}}],"collection":[{"href":"https:\/\/africa.qnet.net\/fr\/wp-json\/wp\/v2\/pages"}],"about":[{"href":"https:\/\/africa.qnet.net\/fr\/wp-json\/wp\/v2\/types\/page"}],"author":[{"embeddable":true,"href":"https:\/\/africa.qnet.net\/fr\/wp-json\/wp\/v2\/users\/3"}],"replies":[{"embeddable":true,"href":"https:\/\/africa.qnet.net\/fr\/wp-json\/wp\/v2\/comments?post=63307"}],"version-history":[{"count":0,"href":"https:\/\/africa.qnet.net\/fr\/wp-json\/wp\/v2\/pages\/63307\/revisions"}],"up":[{"embeddable":true,"href":"https:\/\/africa.qnet.net\/fr\/wp-json\/wp\/v2\/pages\/63303"}],"wp:featuredmedia":[{"embeddable":true,"href":"https:\/\/africa.qnet.net\/fr\/wp-json\/wp\/v2\/media\/63838"}],"wp:attachment":[{"href":"https:\/\/africa.qnet.net\/fr\/wp-json\/wp\/v2\/media?parent=63307"}],"curies":[{"name":"wp","href":"https:\/\/api.w.org\/{rel}","templated":true}]}}